{"id":880,"date":"2018-05-29T11:10:26","date_gmt":"2018-05-29T11:10:26","guid":{"rendered":"http:\/\/xtratheme.com\/default\/?page_id=4"},"modified":"2021-06-08T19:31:01","modified_gmt":"2021-06-08T17:31:01","slug":"home","status":"publish","type":"page","link":"https:\/\/vyklizeni-bytu-mladaboleslav.cz\/","title":{"rendered":"Home"},"content":{"rendered":"<p>[vc_row full_width=&#8221;stretch_row&#8221; css=&#8221;.vc_custom_1532172116321{background-color: rgba(82,149,248,0.12) !important;*background-color: rgb(82,149,248) !important;}&#8221;][vc_column width=&#8221;2\/3&#8243;]<div class=\"cz_gap clr \" style=\"height: 50px\"><\/div><div id=\"cz_66721\" class=\"cz_66721 cz_title clr cz_smart_fs cz_mobile_text_center cz_title_has_icon cz_title_pos_inline\"><div class=\"cz_title_content\"><span class=\"cz_title_icon_before cz_title_image\"><img decoding=\"async\" width=\"128\" height=\"128\" src=\"https:\/\/vyklizeni-bytu-mladaboleslav.cz\/wp-content\/uploads\/2018\/07\/delivery-truck.png\" class=\"attachment-thumbnail\" alt=\"\" srcset=\"https:\/\/vyklizeni-bytu-mladaboleslav.cz\/wp-content\/uploads\/2018\/07\/delivery-truck.png 128w, https:\/\/vyklizeni-bytu-mladaboleslav.cz\/wp-content\/uploads\/2018\/07\/delivery-truck-100x100.png 100w\" sizes=\"(max-width: 128px) 100vw, 128px\" \/><\/span><div class=\"cz_wpe_content\"><h3><span style=\"font-size: 32px;\">Vykl\u00edzen\u00ed Mlad\u00e1 Boleslav<\/span><\/h3>\n<p><span style=\"color: #666666; font-size: 20px; font-weight: 400;\">Vykl\u00edzec\u00ed jedni\u010dka \u0161iroko daleko! <\/span><\/p>\n<\/div><\/div><\/div><div class=\"cz_gap clr  hide_on_tablet hide_on_mobile\" style=\"height: 40px\"><\/div><div class=\"cz_gap show_on_tablet clr \" style=\"height: 30px\"><\/div>[\/vc_column][vc_column width=&#8221;1\/3&#8243;]<div id=\"cz_104789\" class=\"cz_104789 cz_image clr cz_image_no_fx center_on_mobile\"><div class=\"\" ><div class=\"cz_image_in\"><div class=\"cz_main_image\"><img decoding=\"async\" width=\"660\" height=\"429\" src=\"https:\/\/vyklizeni-bytu-mladaboleslav.cz\/wp-content\/uploads\/2021\/05\/pngaaa.com-909158.png\" class=\"attachment-full\" alt=\"\" srcset=\"https:\/\/vyklizeni-bytu-mladaboleslav.cz\/wp-content\/uploads\/2021\/05\/pngaaa.com-909158.png 660w, https:\/\/vyklizeni-bytu-mladaboleslav.cz\/wp-content\/uploads\/2021\/05\/pngaaa.com-909158-300x195.png 300w, https:\/\/vyklizeni-bytu-mladaboleslav.cz\/wp-content\/uploads\/2021\/05\/pngaaa.com-909158-600x390.png 600w\" sizes=\"(max-width: 660px) 100vw, 660px\" \/><\/div><\/div><\/div><\/div>[\/vc_column][\/vc_row][vc_row][vc_column]<div class=\"cz_gap clr \" style=\"height: 50px\"><\/div>[\/vc_column][\/vc_row][vc_row][vc_column]<div id=\"cz_40092\" class=\"cz_40092 cz_tabs clr cz_tabs_htc\"><div class=\"cz_tabs_content\"><a class=\"cz_tab_a hide\" data-tab=\"cz_19732\" href=\"#\"><i class=\"cz_tab_icon fas fa-comment-dots mr8\"><\/i><span class=\"cz_tab_in_title\">Kontakty<\/span><\/a><div id=\"cz_19732\" class=\"cz_tab\"><div>[vc_row_inner][vc_column_inner width=&#8221;1\/2&#8243;]<div id=\"cz_63735\" class=\"cz_63735 cz_title clr cz_title_pos_left\"><div class=\"cz_title_content\"><div class=\"cz_wpe_content\"><h2 style=\"text-align: left;\">Kontakty<\/h2>\n<\/div><\/div><\/div>[vc_empty_space]<ul id=\"cz_67343\" class=\"cz_67343 cz_stylish_list clr cz_sl_icon_hover_none\"><li class=\"clr\"><a href=\"tel:731340444\"><div class=\"cz_sl_icon\"><i class=\"fas fa-phone-alt mr10\"><\/i><\/div><div><span>+420 731 340 444<small>Telefon<\/small><\/span><\/div><\/a><\/li><\/ul><ul id=\"cz_37715\" class=\"cz_37715 cz_stylish_list clr cz_sl_icon_hover_none\"><li class=\"clr\"><a href=\"mailto:vyklizenirychly@seznam.cz\"><div class=\"cz_sl_icon\"><i class=\"fas fa-envelope mr10\"><\/i><\/div><div><span>vyklizenirychly@seznam.cz<small>Email<\/small><\/span><\/div><\/a><\/li><\/ul><ul id=\"cz_16672\" class=\"cz_16672 cz_stylish_list clr cz_sl_icon_hover_none\"><li class=\"clr\"><div class=\"cz_sl_icon\"><i class=\"fas fa-user-check mr10\"><\/i><\/div><div><span>Bc. Karel T\u016fma<small>Garant vykl\u00edzen\u00ed<\/small><\/span><\/div><\/li><\/ul><ul id=\"cz_46374\" class=\"cz_46374 cz_stylish_list clr cz_sl_icon_hover_none\"><li class=\"clr\"><div class=\"cz_sl_icon\"><i class=\"fas fa-map-marked-alt mr10\"><\/i><\/div><div><span>Kdekoliv v Mlad\u00e9 Boleslavi!<small>Oblast vykl\u00edzen\u00ed<\/small><\/span><\/div><\/li><\/ul><ul id=\"cz_75055\" class=\"cz_75055 cz_stylish_list clr cz_sl_icon_hover_none\"><li class=\"clr\"><div class=\"cz_sl_icon\"><i class=\"fas fa-info mr10\"><\/i><\/div><div><span>I\u010c: 08849595<small>Pobo\u010dka Mlad\u00e1 Boleslav<\/small><\/span><\/div><\/li><\/ul>[\/vc_column_inner][vc_column_inner width=&#8221;1\/2&#8243;]<div id=\"cz_110131\" class=\"cz_110131 cz_image clr cz_image_no_fx center_on_mobile\"><div class=\"cz_svg_bg\" ><div class=\"cz_image_in\"><div class=\"cz_main_image\"><img decoding=\"async\" width=\"2560\" height=\"1920\" src=\"https:\/\/vyklizeni-bytu-mladaboleslav.cz\/wp-content\/uploads\/2021\/05\/odvoz_odpadu-1.jpg\" class=\"attachment-full\" alt=\"\" srcset=\"https:\/\/vyklizeni-bytu-mladaboleslav.cz\/wp-content\/uploads\/2021\/05\/odvoz_odpadu-1.jpg 2560w, https:\/\/vyklizeni-bytu-mladaboleslav.cz\/wp-content\/uploads\/2021\/05\/odvoz_odpadu-1-300x225.jpg 300w, https:\/\/vyklizeni-bytu-mladaboleslav.cz\/wp-content\/uploads\/2021\/05\/odvoz_odpadu-1-1024x768.jpg 1024w, https:\/\/vyklizeni-bytu-mladaboleslav.cz\/wp-content\/uploads\/2021\/05\/odvoz_odpadu-1-768x576.jpg 768w, https:\/\/vyklizeni-bytu-mladaboleslav.cz\/wp-content\/uploads\/2021\/05\/odvoz_odpadu-1-1536x1152.jpg 1536w, https:\/\/vyklizeni-bytu-mladaboleslav.cz\/wp-content\/uploads\/2021\/05\/odvoz_odpadu-1-2048x1536.jpg 2048w, https:\/\/vyklizeni-bytu-mladaboleslav.cz\/wp-content\/uploads\/2021\/05\/odvoz_odpadu-1-600x450.jpg 600w\" sizes=\"(max-width: 2560px) 100vw, 2560px\" \/><\/div><\/div><\/div><\/div><div class=\"cz_gap show_on_mobile clr\" style=\"height: 50px\"><\/div>[\/vc_column_inner][\/vc_row_inner]<\/div><\/div><a class=\"cz_tab_a hide\" data-tab=\"cz_69482\" href=\"#\"><i class=\"cz_tab_icon fas fa-handshake mr8\"><\/i><span class=\"cz_tab_in_title\">Na\u0161i partne\u0159i<\/span><\/a><div id=\"cz_69482\" class=\"cz_tab\"><div>[vc_row_inner][vc_column_inner width=&#8221;1\/2&#8243;]<div id=\"cz_105704\" class=\"cz_105704 cz_title clr cz_title_pos_inline\"><div class=\"cz_title_content\"><div class=\"cz_wpe_content\"><h2>Na\u0161i partne\u0159i<\/h2>\n<\/div><\/div><\/div>[vc_empty_space height=&#8221;15px&#8221;][vc_column_text]<\/p>\n<ul>\n<li><a href=\"http:\/\/www.vyklizeni-bytu-plzen.cz\/\" target=\"_blank\" rel=\"nofollow noopener noreferrer\">www.vyklizeni-bytu-plzen.cz<\/a><\/li>\n<li><a href=\"http:\/\/www.vyklizeniprahacz.cz\/\" target=\"_blank\" rel=\"nofollow noopener noreferrer\">www.vyklizeniprahacz.cz<\/a><\/li>\n<li><a href=\"http:\/\/www.vyklizeni-bytu-liberec.cz\/\" target=\"_blank\" rel=\"nofollow noopener noreferrer\">www.vyklizeni-bytu-liberec.cz<\/a><\/li>\n<li><a href=\"http:\/\/www.vyklizeni-karlovy-vary.cz\/\" target=\"_blank\" rel=\"nofollow noopener noreferrer\">www.vyklizeni-karlovy-vary.cz<\/a><\/li>\n<li><a href=\"http:\/\/www.vyklizenibrnocz.cz\/\" target=\"_blank\" rel=\"nofollow noopener noreferrer\">www.vyklizenibrnocz.cz<\/a><\/li>\n<li><a href=\"http:\/\/www.vyklizeniusti.cz\/\" target=\"_blank\" rel=\"nofollow noopener noreferrer\">www.vyklizeniusti.cz<\/a><\/li>\n<li><a href=\"http:\/\/www.vyklizenikladno.cz\/\" target=\"_blank\" rel=\"nofollow noopener noreferrer\">www.vyklizenikladno.cz<\/a><\/li>\n<li><a href=\"http:\/\/www.vyklizenikolin.cz\/\" target=\"_blank\" rel=\"nofollow noopener noreferrer\">www.vyklizenikolin.cz<\/a><\/li>\n<li><a href=\"http:\/\/www.vyklizeniceskalipa.cz\/\" target=\"_blank\" rel=\"nofollow noopener noreferrer\">www.vyklizeniceskalipa.cz<\/a><\/li>\n<li><a href=\"http:\/\/www.vyklizenikarlovyvarycz.cz\/\" target=\"_blank\" rel=\"nofollow noopener noreferrer\">www.vyklizenikarlovyvarycz.cz<\/a><\/li>\n<li><a href=\"http:\/\/www.vyklizeniplzencz.cz\/\" target=\"_blank\" rel=\"nofollow noopener noreferrer\">www.vyklizeniplzencz.cz<\/a><\/li>\n<li><a href=\"http:\/\/www.vyklizeniplzen.com\/\" target=\"_blank\" rel=\"nofollow noopener noreferrer\">www.vyklizeniplzen.com<\/a><\/li>\n<li><a href=\"http:\/\/www.vyklizenidecin.cz\/\" target=\"_blank\" rel=\"nofollow noopener noreferrer\">www.vyklizenidecin.cz<\/a><\/li>\n<li><a href=\"http:\/\/www.vyklizeniberoun.cz\/\" target=\"_blank\" rel=\"nofollow noopener noreferrer\">www.vyklizeniberoun.cz<\/a><\/li>\n<li><a href=\"http:\/\/www.vyklizenikolincz.cz\/\" target=\"_blank\" rel=\"nofollow noopener noreferrer\">www.vyklizenikolincz.cz<\/a><\/li>\n<li><a href=\"https:\/\/www.vyklizeci-prace-brno.cz\/\" target=\"_blank\" rel=\"noopener\">www.vyklizeci-prace-brno.cz<\/a><\/li>\n<li><a href=\"https:\/\/www.vyklizenitrutnov.cz\/\" target=\"_blank\" rel=\"noopener\">www.vyklizenitrutnov.cz<\/a><\/li>\n<li><a href=\"http:\/\/www.vyklizenipoumrti.cz\/\" target=\"_blank\" rel=\"noopener\">www.vyklizenipoumrti.cz<\/a><\/li>\n<li><a href=\"https:\/\/vyklizenipozemrelem.cz\/\" target=\"_blank\" rel=\"noopener\">www.vyklizenipozemrelem.cz<\/a><\/li>\n<\/ul>\n<p>[\/vc_column_text]<div class=\"cz_btn_block\"><div class=\"cz_101924_p\"><a id=\"cz_101924\" class=\"cz_101924 cz_btn cz_btn_txt_move_right cz_btn_zoom_in cz_btn_icon_after\" href=\"https:\/\/vyklizenimladaboleslav.cz\" target=\"_blank\"><span><strong>Hlavn\u00ed web pro vykl\u00edzen\u00ed<\/strong><i class=\"fa fa-long-arrow-right\"><\/i><\/span><b class=\"cz_btn_onhover\"><strong>Hlavn\u00ed web pro vykl\u00edzen\u00ed<\/strong><i class=\"fa fa-long-arrow-right\"><\/i><\/b><\/a><\/div><\/div>[\/vc_column_inner][vc_column_inner width=&#8221;1\/2&#8243;]<div id=\"cz_36325\" class=\"cz_36325 cz_image clr cz_image_no_fx center_on_mobile\"><div class=\"cz_svg_bg\" ><div class=\"cz_image_in\"><div class=\"cz_main_image\"><img decoding=\"async\" width=\"1008\" height=\"756\" src=\"https:\/\/vyklizeni-bytu-mladaboleslav.cz\/wp-content\/uploads\/2021\/05\/20200616_145718_resized.jpg\" class=\"attachment-full\" alt=\"\" srcset=\"https:\/\/vyklizeni-bytu-mladaboleslav.cz\/wp-content\/uploads\/2021\/05\/20200616_145718_resized.jpg 1008w, https:\/\/vyklizeni-bytu-mladaboleslav.cz\/wp-content\/uploads\/2021\/05\/20200616_145718_resized-300x225.jpg 300w, https:\/\/vyklizeni-bytu-mladaboleslav.cz\/wp-content\/uploads\/2021\/05\/20200616_145718_resized-768x576.jpg 768w, https:\/\/vyklizeni-bytu-mladaboleslav.cz\/wp-content\/uploads\/2021\/05\/20200616_145718_resized-600x450.jpg 600w\" sizes=\"(max-width: 1008px) 100vw, 1008px\" \/><\/div><\/div><\/div><\/div><div class=\"cz_gap show_on_mobile clr\" style=\"height: 50px\"><\/div>[\/vc_column_inner][\/vc_row_inner]<\/div><\/div><a class=\"cz_tab_a hide\" data-tab=\"cz_24419\" href=\"#\"><i class=\"cz_tab_icon fas fa-truck-loading mr8\"><\/i><span class=\"cz_tab_in_title\">Na\u0161e slu\u017eby<\/span><\/a><div id=\"cz_24419\" class=\"cz_tab\"><div>[vc_row_inner][vc_column_inner width=&#8221;1\/2&#8243;]<div id=\"cz_96308\" class=\"cz_96308 cz_title clr cz_title_pos_inline\"><div class=\"cz_title_content\"><div class=\"cz_wpe_content\"><h2>Na\u0161e slu\u017eby<\/h2>\n<\/div><\/div><\/div>[vc_empty_space height=&#8221;25px&#8221;]<ul id=\"cz_57132\" class=\"cz_57132 cz_stylish_list clr cz_sl_icon_hover_zoom_in\"><li class=\"clr\"><div class=\"cz_sl_icon\"><i class=\"fas fa-truck-loading mr10\" ><\/i><\/div><div><span>Vykl\u00edzen\u00ed<small>Mlad\u00e1 Boleslav<\/small><\/span><\/div><\/li><li class=\"clr\"><div class=\"cz_sl_icon\"><i class=\"fas fa-truck-loading mr10\" ><\/i><\/div><div><span>Vykl\u00edzen\u00ed byt\u016f<small>Mlad\u00e1 Boleslav<\/small><\/span><\/div><\/li><li class=\"clr\"><div class=\"cz_sl_icon\"><i class=\"fas fa-truck-loading mr10\" ><\/i><\/div><div><span>Vykl\u00edzen\u00ed po \u00famrt\u00ed<small>Mlad\u00e1 Boleslav<\/small><\/span><\/div><\/li><li class=\"clr\"><div class=\"cz_sl_icon\"><i class=\"fas fa-truck-loading mr10\" ><\/i><\/div><div><span>Likvidace poz\u016fstalosti<small>Mlad\u00e1 Boleslav<\/small><\/span><\/div><\/li><li class=\"clr\"><div class=\"cz_sl_icon\"><i class=\"fas fa-truck-loading mr10\" ><\/i><\/div><div><span>Likvidace eternitu<small>Mlad\u00e1 Boleslav<\/small><\/span><\/div><\/li><li class=\"clr\"><div class=\"cz_sl_icon\"><i class=\"fas fa-truck-loading mr10\" ><\/i><\/div><div><span>Likvidace azbestu<small>Mlad\u00e1 Boleslav<\/small><\/span><\/div><\/li><li class=\"clr\"><div class=\"cz_sl_icon\"><i class=\"fas fa-truck-loading mr10\" ><\/i><\/div><div><span>Demont\u00e1\u017ee technologi\u00ed<small>Mlad\u00e1 Boleslav<\/small><\/span><\/div><\/li><li class=\"clr\"><div class=\"cz_sl_icon\"><i class=\"fas fa-truck-loading mr10\" ><\/i><\/div><div><span>V\u00fdkup staro\u017eitnost\u00ed<small>Mlad\u00e1 Boleslav<\/small><\/span><\/div><\/li><li class=\"clr\"><div class=\"cz_sl_icon\"><i class=\"fas fa-truck-loading mr10\" ><\/i><\/div><div><span>Bour\u00e1n\u00ed bytov\u00e9ho j\u00e1dra<small>Mlad\u00e1 Boleslav<\/small><\/span><\/div><\/li><li class=\"clr\"><div class=\"cz_sl_icon\"><i class=\"fas fa-truck-loading mr10\" ><\/i><\/div><div><span>St\u011bhov\u00e1n\u00ed<small>Mlad\u00e1 Boleslav<\/small><\/span><\/div><\/li><li class=\"clr\"><div class=\"cz_sl_icon\"><i class=\"fas fa-truck-loading mr10\" ><\/i><\/div><div><span>Malov\u00e1n\u00ed a \u00faklid<small>Mlad\u00e1 Boleslav<\/small><\/span><\/div><\/li><li class=\"clr\"><div class=\"cz_sl_icon\"><i class=\"fas fa-truck-loading mr10\" ><\/i><\/div><div><span>V\u00fdkup \u017eeleza<small>Mlad\u00e1 Boleslav<\/small><\/span><\/div><\/li><\/ul>[\/vc_column_inner][vc_column_inner width=&#8221;1\/2&#8243;]<div id=\"cz_46247\" class=\"cz_46247 cz_image clr cz_image_no_fx center_on_mobile\"><div class=\"cz_svg_bg\" ><div class=\"cz_image_in\"><div class=\"cz_main_image\"><img decoding=\"async\" width=\"1008\" height=\"756\" src=\"https:\/\/vyklizeni-bytu-mladaboleslav.cz\/wp-content\/uploads\/2021\/05\/20200616_145750_resized.jpg\" class=\"attachment-full\" alt=\"\" srcset=\"https:\/\/vyklizeni-bytu-mladaboleslav.cz\/wp-content\/uploads\/2021\/05\/20200616_145750_resized.jpg 1008w, https:\/\/vyklizeni-bytu-mladaboleslav.cz\/wp-content\/uploads\/2021\/05\/20200616_145750_resized-300x225.jpg 300w, https:\/\/vyklizeni-bytu-mladaboleslav.cz\/wp-content\/uploads\/2021\/05\/20200616_145750_resized-768x576.jpg 768w, https:\/\/vyklizeni-bytu-mladaboleslav.cz\/wp-content\/uploads\/2021\/05\/20200616_145750_resized-600x450.jpg 600w\" sizes=\"(max-width: 1008px) 100vw, 1008px\" \/><\/div><\/div><\/div><\/div><div class=\"cz_gap show_on_mobile clr\" style=\"height: 50px\"><\/div>[\/vc_column_inner][\/vc_row_inner]<\/div><\/div><a class=\"cz_tab_a hide\" data-tab=\"cz_57995\" href=\"#\"><i class=\"cz_tab_icon fas fa-truck mr8\"><\/i><span class=\"cz_tab_in_title\">Vykl\u00edzen\u00ed Mlad\u00e1 Boleslav<\/span><\/a><div id=\"cz_57995\" class=\"cz_tab\"><div>[vc_row_inner][vc_column_inner width=&#8221;1\/2&#8243;]<div id=\"cz_15492\" class=\"cz_15492 cz_title clr cz_title_pos_inline\"><div class=\"cz_title_content\"><div class=\"cz_wpe_content\"><h2>O n\u00e1s<\/h2>\n<\/div><\/div><\/div>[vc_empty_space height=&#8221;15px&#8221;][vc_column_text]<strong>Vykl\u00edzen\u00ed Mlad\u00e1 Boleslav<\/strong>\u00a0je t\u00fdm profesion\u00e1l\u016f, kter\u00fd zvl\u00e1d\u00e1\u00a0<strong>vykl\u00edzen\u00ed byt\u016f Mlad\u00e1 Boleslav, likvidace poz\u016fstalosti Mlad\u00e1 Boleslav, vykl\u00edzen\u00ed po \u00famrt\u00ed Mlad\u00e1 Boleslav<\/strong>, nov\u011b zvl\u00e1dneme i bour\u00e1n\u00ed bytov\u00e9ho j\u00e1dra,\u00a0<strong>likvidaci eternitu, likvidaci azbestu<\/strong> a bourac\u00ed pr\u00e1ce. Samoz\u0159ejmost\u00ed je odvoz star\u00e9ho n\u00e1bytku,\u00a0<strong>\u00faklid po \u00famrt\u00ed Mlad\u00e1 Boleslav<\/strong>, st\u011bhov\u00e1n\u00ed, skartace dokument\u016f v p\u0159\u00edpad\u011b, \u017ee se jedn\u00e1 o\u00a0<strong>vykl\u00edzen\u00ed kancel\u00e1\u0159\u00ed<\/strong> <strong>Mlad\u00e1 Boleslav<\/strong><strong>.<\/strong><\/p>\n<p>Porad\u00edme si i z demont\u00e1\u017ee technologi\u00ed, malov\u00e1n\u00ed a \u00faklid v p\u0159\u00edpad\u011b<strong>\u00a0vykl\u00edzen\u00ed objekt\u016f, byt\u016f i vykl\u00edzen\u00ed poz\u016fstalost\u00ed<\/strong> <strong>Mlad\u00e1 Boleslav<\/strong>. V neposledn\u00ed \u0159ad\u011b nab\u00edz\u00edme i\u00a0<strong>v\u00fdkup \u017eeleza, barevn\u00fdch kov\u016f a staro\u017eitnost\u00ed Mlad\u00e1 Boleslav<\/strong>.<\/p>\n<p>Um\u00edme i\u00a0<strong>\u00faklid po narkomanech Mlad\u00e1 Boleslav, \u00faklid po Covidu, vykl\u00edzen\u00ed po sebevra\u017ed\u011b<\/strong>\u00a0a\u00a0<strong>\u00faklid po bezdomovc\u00edch<\/strong>.[\/vc_column_text][\/vc_column_inner][vc_column_inner width=&#8221;1\/2&#8243;]<div id=\"cz_29979\" class=\"cz_29979 cz_image clr cz_image_no_fx center_on_mobile\"><div class=\"cz_svg_bg\" ><div class=\"cz_image_in\"><div class=\"cz_main_image\"><img decoding=\"async\" width=\"1008\" height=\"756\" src=\"https:\/\/vyklizeni-bytu-mladaboleslav.cz\/wp-content\/uploads\/2021\/05\/20200616_090014_resized.jpg\" class=\"attachment-full\" alt=\"\" srcset=\"https:\/\/vyklizeni-bytu-mladaboleslav.cz\/wp-content\/uploads\/2021\/05\/20200616_090014_resized.jpg 1008w, https:\/\/vyklizeni-bytu-mladaboleslav.cz\/wp-content\/uploads\/2021\/05\/20200616_090014_resized-300x225.jpg 300w, https:\/\/vyklizeni-bytu-mladaboleslav.cz\/wp-content\/uploads\/2021\/05\/20200616_090014_resized-768x576.jpg 768w, https:\/\/vyklizeni-bytu-mladaboleslav.cz\/wp-content\/uploads\/2021\/05\/20200616_090014_resized-600x450.jpg 600w\" sizes=\"(max-width: 1008px) 100vw, 1008px\" \/><\/div><\/div><\/div><\/div>[\/vc_column_inner][\/vc_row_inner]<\/div><\/div><\/div><\/div>[\/vc_column][\/vc_row]<\/p>\n","protected":false},"excerpt":{"rendered":"<p>[vc_row full_width=&#8221;stretch_row&#8221; css=&#8221;.vc_custom_1532172116321{background-color: rgba(82,149,248,0.12) !important;*background-color: rgb(82,149,248) !important;}&#8221;][vc_column width=&#8221;2\/3&#8243;][\/vc_column][vc_column width=&#8221;1\/3&#8243;][\/vc_column][\/vc_row][vc_row][vc_column][\/vc_column][\/vc_row][vc_row][vc_column][\/vc_column][\/vc_row] &#8230; <\/p>\n","protected":false},"author":2,"featured_media":0,"parent":0,"menu_order":0,"comment_status":"closed","ping_status":"closed","template":"","meta":{"footnotes":""},"class_list":["post-880","page","type-page","status-publish","hentry"],"_links":{"self":[{"href":"https:\/\/vyklizeni-bytu-mladaboleslav.cz\/index.php?rest_route=\/wp\/v2\/pages\/880","targetHints":{"allow":["GET"]}}],"collection":[{"href":"https:\/\/vyklizeni-bytu-mladaboleslav.cz\/index.php?rest_route=\/wp\/v2\/pages"}],"about":[{"href":"https:\/\/vyklizeni-bytu-mladaboleslav.cz\/index.php?rest_route=\/wp\/v2\/types\/page"}],"author":[{"embeddable":true,"href":"https:\/\/vyklizeni-bytu-mladaboleslav.cz\/index.php?rest_route=\/wp\/v2\/users\/2"}],"replies":[{"embeddable":true,"href":"https:\/\/vyklizeni-bytu-mladaboleslav.cz\/index.php?rest_route=%2Fwp%2Fv2%2Fcomments&post=880"}],"version-history":[{"count":33,"href":"https:\/\/vyklizeni-bytu-mladaboleslav.cz\/index.php?rest_route=\/wp\/v2\/pages\/880\/revisions"}],"predecessor-version":[{"id":1353,"href":"https:\/\/vyklizeni-bytu-mladaboleslav.cz\/index.php?rest_route=\/wp\/v2\/pages\/880\/revisions\/1353"}],"wp:attachment":[{"href":"https:\/\/vyklizeni-bytu-mladaboleslav.cz\/index.php?rest_route=%2Fwp%2Fv2%2Fmedia&parent=880"}],"curies":[{"name":"wp","href":"https:\/\/api.w.org\/{rel}","templated":true}]}}